{"id":215,"date":"2023-12-16T08:45:27","date_gmt":"2023-12-16T08:45:27","guid":{"rendered":"https:\/\/www.canotier.com.co\/sitio\/?post_type=product&#038;p=215"},"modified":"2025-10-21T20:33:03","modified_gmt":"2025-10-21T15:33:03","slug":"sombrero-el-juez-aguadeno-alon","status":"publish","type":"product","link":"https:\/\/www.canotier.com.co\/sitio\/producto\/sombrero-el-juez-aguadeno-alon\/","title":{"rendered":"Sombrero Alon El Juez"},"content":{"rendered":"<p>Sum\u00e9rgete en la autenticidad de la artesan\u00eda con el Sombrero Bonanza Crema de Aguade\u00f1o alon el JUEZ. Elaborado meticulosamente en iraca por nuestros h\u00e1biles artesanos, este sombrero es fruto de un trabajo arduo que fusiona tradici\u00f3n y calidad. Engomado para resistir diversos entornos, este sombrero ofrece comodidad, frescura y singularidad en cada detalle. Disponible en tallas que van desde la 3 hasta la 7, es la opci\u00f3n perfecta para quienes buscan estilo y confort en una pieza \u00fanica.<\/p>\n","protected":false},"excerpt":{"rendered":"<p>Descubre el aut\u00e9ntico sombrero Bonanza Crema, elaborado en iraca con destreza artesanal. Fresco, c\u00f3modo y resistente, es la fusi\u00f3n perfecta entre tradici\u00f3n y estilo \u00fanico. Producto de calidad, 100% hecho a mano.<\/p>\n","protected":false},"featured_media":218,"comment_status":"open","ping_status":"closed","template":"","meta":{"_et_pb_use_builder":"","_et_pb_old_content":"","_et_gb_content_width":"","om_disable_all_campaigns":false,"_monsterinsights_skip_tracking":false,"_monsterinsights_sitenote_active":false,"_monsterinsights_sitenote_note":"","_monsterinsights_sitenote_category":0,"_uf_show_specific_survey":0,"_uf_disable_surveys":false,"_joinchat":[]},"product_cat":[22],"product_tag":[23,26,25,24,27],"class_list":{"0":"post-215","1":"product","2":"type-product","3":"status-publish","4":"has-post-thumbnail","6":"product_cat-sombreros-artesanales","7":"product_tag-artesania-colombiana","8":"product_tag-comodidad-fresca","9":"product_tag-estilo-tradicional","10":"product_tag-sombrero-bonanza","11":"product_tag-tallas-3-a-7","13":"first","14":"instock","15":"shipping-taxable","16":"purchasable","17":"product-type-simple"},"aioseo_notices":[],"_links":{"self":[{"href":"https:\/\/www.canotier.com.co\/sitio\/wp-json\/wp\/v2\/product\/215"}],"collection":[{"href":"https:\/\/www.canotier.com.co\/sitio\/wp-json\/wp\/v2\/product"}],"about":[{"href":"https:\/\/www.canotier.com.co\/sitio\/wp-json\/wp\/v2\/types\/product"}],"replies":[{"embeddable":true,"href":"https:\/\/www.canotier.com.co\/sitio\/wp-json\/wp\/v2\/comments?post=215"}],"wp:featuredmedia":[{"embeddable":true,"href":"https:\/\/www.canotier.com.co\/sitio\/wp-json\/wp\/v2\/media\/218"}],"wp:attachment":[{"href":"https:\/\/www.canotier.com.co\/sitio\/wp-json\/wp\/v2\/media?parent=215"}],"wp:term":[{"taxonomy":"product_cat","embeddable":true,"href":"https:\/\/www.canotier.com.co\/sitio\/wp-json\/wp\/v2\/product_cat?post=215"},{"taxonomy":"product_tag","embeddable":true,"href":"https:\/\/www.canotier.com.co\/sitio\/wp-json\/wp\/v2\/product_tag?post=215"}],"curies":[{"name":"wp","href":"https:\/\/api.w.org\/{rel}","templated":true}]}}