{"id":219,"date":"2023-12-16T08:55:50","date_gmt":"2023-12-16T08:55:50","guid":{"rendered":"https:\/\/www.canotier.com.co\/sitio\/?post_type=product&#038;p=219"},"modified":"2025-10-21T20:32:46","modified_gmt":"2025-10-21T15:32:46","slug":"sombrero-comboy-ilusion","status":"publish","type":"product","link":"https:\/\/www.canotier.com.co\/sitio\/producto\/sombrero-comboy-ilusion\/","title":{"rendered":"Sombrero Comboy Ilusi\u00f3n"},"content":{"rendered":"<p>Descubre la magia de la artesan\u00eda con el Sombrero Comboy Ilusi\u00f3n, elaborado con esmero en iraca. Sus acabados \u00fanicos y personalizaci\u00f3n te permiten destacar tu estilo de forma exclusiva. Cada sombrero es una obra de arte hecha a mano, con atenci\u00f3n meticulosa al detalle. Adornado seg\u00fan tu preferencia, este sombrero es m\u00e1s que un accesorio, es una expresi\u00f3n de autenticidad y distinci\u00f3n.<\/p>\n","protected":false},"excerpt":{"rendered":"<p>Experimenta la autenticidad en cada detalle con el Sombrero Comboy Ilusi\u00f3n, elaborado a mano en iraca. \u00danico, personalizable y 100% artesanal.<\/p>\n","protected":false},"featured_media":217,"comment_status":"open","ping_status":"closed","template":"","meta":{"_et_pb_use_builder":"","_et_pb_old_content":"","_et_gb_content_width":"","om_disable_all_campaigns":false,"_monsterinsights_skip_tracking":false,"_monsterinsights_sitenote_active":false,"_monsterinsights_sitenote_note":"","_monsterinsights_sitenote_category":0,"_uf_show_specific_survey":0,"_uf_disable_surveys":false,"_joinchat":[]},"product_cat":[22],"product_tag":[33,30,23,32,29,31,28],"class_list":{"0":"post-219","1":"product","2":"type-product","3":"status-publish","4":"has-post-thumbnail","6":"product_cat-sombreros-artesanales","7":"product_tag-100-hecho-a-mano","8":"product_tag-acabados-a-mano","9":"product_tag-artesania-colombiana","10":"product_tag-distincion","11":"product_tag-estilo-unico","12":"product_tag-sombrero-comboy","13":"product_tag-sombrero-de-iraca","15":"first","16":"instock","17":"shipping-taxable","18":"purchasable","19":"product-type-simple"},"aioseo_notices":[],"_links":{"self":[{"href":"https:\/\/www.canotier.com.co\/sitio\/wp-json\/wp\/v2\/product\/219"}],"collection":[{"href":"https:\/\/www.canotier.com.co\/sitio\/wp-json\/wp\/v2\/product"}],"about":[{"href":"https:\/\/www.canotier.com.co\/sitio\/wp-json\/wp\/v2\/types\/product"}],"replies":[{"embeddable":true,"href":"https:\/\/www.canotier.com.co\/sitio\/wp-json\/wp\/v2\/comments?post=219"}],"wp:featuredmedia":[{"embeddable":true,"href":"https:\/\/www.canotier.com.co\/sitio\/wp-json\/wp\/v2\/media\/217"}],"wp:attachment":[{"href":"https:\/\/www.canotier.com.co\/sitio\/wp-json\/wp\/v2\/media?parent=219"}],"wp:term":[{"taxonomy":"product_cat","embeddable":true,"href":"https:\/\/www.canotier.com.co\/sitio\/wp-json\/wp\/v2\/product_cat?post=219"},{"taxonomy":"product_tag","embeddable":true,"href":"https:\/\/www.canotier.com.co\/sitio\/wp-json\/wp\/v2\/product_tag?post=219"}],"curies":[{"name":"wp","href":"https:\/\/api.w.org\/{rel}","templated":true}]}}