{"id":220,"date":"2023-12-16T09:00:36","date_gmt":"2023-12-16T09:00:36","guid":{"rendered":"https:\/\/www.canotier.com.co\/sitio\/?post_type=product&#038;p=220"},"modified":"2025-09-21T23:55:08","modified_gmt":"2025-09-21T18:55:08","slug":"sombrero-primavera-gardeliano-aguadeno","status":"publish","type":"product","link":"https:\/\/www.canotier.com.co\/sitio\/producto\/sombrero-primavera-gardeliano-aguadeno\/","title":{"rendered":"Sombrero Primavera Gardeliano Aguade\u00f1o"},"content":{"rendered":"<p>Sum\u00e9rgete en la esencia tradicional de Colombia con el Sombrero Primavera Gardeliano Aguade\u00f1o. Elaborado cuidadosamente por nuestros artesanos, este sombrero es una verdadera pieza emblem\u00e1tica de la artesan\u00eda colombiana. La horma Gardeliano, de estilo casual, otorga una apariencia \u00fanica y vers\u00e1til. Personalizable en colores y estilos, este sombrero Aguade\u00f1o es la combinaci\u00f3n perfecta entre tradici\u00f3n y modernidad, una manifestaci\u00f3n aut\u00e9ntica de la cultura colombiana.<\/p>\n","protected":false},"excerpt":{"rendered":"<p>Descubre la tradici\u00f3n colombiana con el Sombrero Primavera Gardeliano Aguade\u00f1o, una pieza \u00fanica elaborada por artesanos y vers\u00e1til en colores y estilos.<\/p>\n","protected":false},"featured_media":221,"comment_status":"open","ping_status":"closed","template":"","meta":{"_et_pb_use_builder":"","_et_pb_old_content":"","_et_gb_content_width":"","om_disable_all_campaigns":false,"_monsterinsights_skip_tracking":false,"_monsterinsights_sitenote_active":false,"_monsterinsights_sitenote_note":"","_monsterinsights_sitenote_category":0,"_uf_show_specific_survey":0,"_uf_disable_surveys":false,"_joinchat":[]},"product_cat":[22],"product_tag":[33,36,23,37,34,35],"class_list":{"0":"post-220","1":"product","2":"type-product","3":"status-publish","4":"has-post-thumbnail","6":"product_cat-sombreros-artesanales","7":"product_tag-100-hecho-a-mano","8":"product_tag-artesania-autentica","9":"product_tag-artesania-colombiana","10":"product_tag-estilo-gardeliano","11":"product_tag-sombrero-aguadeno","12":"product_tag-tradicion-colombiana","14":"first","15":"instock","16":"shipping-taxable","17":"purchasable","18":"product-type-simple"},"aioseo_notices":[],"_links":{"self":[{"href":"https:\/\/www.canotier.com.co\/sitio\/wp-json\/wp\/v2\/product\/220"}],"collection":[{"href":"https:\/\/www.canotier.com.co\/sitio\/wp-json\/wp\/v2\/product"}],"about":[{"href":"https:\/\/www.canotier.com.co\/sitio\/wp-json\/wp\/v2\/types\/product"}],"replies":[{"embeddable":true,"href":"https:\/\/www.canotier.com.co\/sitio\/wp-json\/wp\/v2\/comments?post=220"}],"wp:featuredmedia":[{"embeddable":true,"href":"https:\/\/www.canotier.com.co\/sitio\/wp-json\/wp\/v2\/media\/221"}],"wp:attachment":[{"href":"https:\/\/www.canotier.com.co\/sitio\/wp-json\/wp\/v2\/media?parent=220"}],"wp:term":[{"taxonomy":"product_cat","embeddable":true,"href":"https:\/\/www.canotier.com.co\/sitio\/wp-json\/wp\/v2\/product_cat?post=220"},{"taxonomy":"product_tag","embeddable":true,"href":"https:\/\/www.canotier.com.co\/sitio\/wp-json\/wp\/v2\/product_tag?post=220"}],"curies":[{"name":"wp","href":"https:\/\/api.w.org\/{rel}","templated":true}]}}