{"id":224,"date":"2023-12-16T09:10:08","date_gmt":"2023-12-16T09:10:08","guid":{"rendered":"https:\/\/www.canotier.com.co\/sitio\/?post_type=product&#038;p=224"},"modified":"2026-03-09T08:46:49","modified_gmt":"2026-03-09T03:46:49","slug":"sombreros-personalizados","status":"publish","type":"product","link":"https:\/\/www.canotier.com.co\/sitio\/producto\/sombreros-personalizados\/","title":{"rendered":"Sombreros personalizados"},"content":{"rendered":"<p>Explora nuestra gama de sombreros personalizados, confeccionados en una variedad de materiales como iraca, nylon, fibra, fieltro y tela. Desde el cl\u00e1sico hasta el contempor\u00e1neo, ofrecemos la posibilidad de personalizar tu sombrero partiendo de tu propia idea de dise\u00f1o. Nuestro equipo experto trabajar\u00e1 contigo para convertir tu visi\u00f3n en una pieza \u00fanica y hecha a medida. Sea cual sea tu estilo o ocasi\u00f3n, estamos aqu\u00ed para crear el sombrero perfecto que refleje tu personalidad y creatividad.<\/p>\n","protected":false},"excerpt":{"rendered":"<p>Crea tu estilo \u00fanico con nuestros Sombreros Personalizados en una variedad de materiales. \u00a1Dise\u00f1a el tuyo desde cero!<\/p>\n","protected":false},"featured_media":225,"comment_status":"open","ping_status":"closed","template":"","meta":{"_et_pb_use_builder":"","_et_pb_old_content":"","_et_gb_content_width":"","om_disable_all_campaigns":false,"_monsterinsights_skip_tracking":false,"_monsterinsights_sitenote_active":false,"_monsterinsights_sitenote_note":"","_monsterinsights_sitenote_category":0,"_uf_show_specific_survey":0,"_uf_disable_surveys":false,"_joinchat":[]},"product_cat":[40],"product_tag":[48,47,29,44,45,42,43,41,46],"class_list":{"0":"post-224","1":"product","2":"type-product","3":"status-publish","4":"has-post-thumbnail","6":"product_cat-sombreros-personalizados","7":"product_tag-creatividad-en-sombreros","8":"product_tag-diseno-a-medida","9":"product_tag-estilo-unico","10":"product_tag-fibra","11":"product_tag-fieltro","12":"product_tag-iraca","13":"product_tag-nylon","14":"product_tag-sombreros-personalizados","15":"product_tag-tela","17":"first","18":"instock","19":"shipping-taxable","20":"purchasable","21":"product-type-simple"},"aioseo_notices":[],"_links":{"self":[{"href":"https:\/\/www.canotier.com.co\/sitio\/wp-json\/wp\/v2\/product\/224"}],"collection":[{"href":"https:\/\/www.canotier.com.co\/sitio\/wp-json\/wp\/v2\/product"}],"about":[{"href":"https:\/\/www.canotier.com.co\/sitio\/wp-json\/wp\/v2\/types\/product"}],"replies":[{"embeddable":true,"href":"https:\/\/www.canotier.com.co\/sitio\/wp-json\/wp\/v2\/comments?post=224"}],"wp:featuredmedia":[{"embeddable":true,"href":"https:\/\/www.canotier.com.co\/sitio\/wp-json\/wp\/v2\/media\/225"}],"wp:attachment":[{"href":"https:\/\/www.canotier.com.co\/sitio\/wp-json\/wp\/v2\/media?parent=224"}],"wp:term":[{"taxonomy":"product_cat","embeddable":true,"href":"https:\/\/www.canotier.com.co\/sitio\/wp-json\/wp\/v2\/product_cat?post=224"},{"taxonomy":"product_tag","embeddable":true,"href":"https:\/\/www.canotier.com.co\/sitio\/wp-json\/wp\/v2\/product_tag?post=224"}],"curies":[{"name":"wp","href":"https:\/\/api.w.org\/{rel}","templated":true}]}}