{"id":229,"date":"2023-12-16T09:12:57","date_gmt":"2023-12-16T09:12:57","guid":{"rendered":"https:\/\/www.canotier.com.co\/sitio\/?post_type=product&#038;p=229"},"modified":"2025-10-21T20:33:30","modified_gmt":"2025-10-21T15:33:30","slug":"sombrero-vaquero-ilusion","status":"publish","type":"product","link":"https:\/\/www.canotier.com.co\/sitio\/producto\/sombrero-vaquero-ilusion\/","title":{"rendered":"Sombrero Vaquero Ilusi\u00f3n"},"content":{"rendered":"<p>Sum\u00e9rgete en el esp\u00edritu del oeste con el Sombrero Vaquero Ilusi\u00f3n, elaborado en iraca con decoraciones \u00fanicas que se adaptan al estilo de cada persona. Inspirado en el mejor estilo Canotier, este sombrero combina la autenticidad del dise\u00f1o tradicional con detalles personalizados que reflejan la singularidad de cada individuo. Cada sombrero es una obra de arte, donde la artesan\u00eda se une con la expresi\u00f3n individual para crear una pieza \u00fanica y distintiva.<\/p>\n","protected":false},"excerpt":{"rendered":"<p>Descubre el estilo del oeste con el Sombrero Vaquero Ilusi\u00f3n Canotier, elaborado en iraca con decoraciones \u00fanicas para reflejar tu personalidad.<\/p>\n","protected":false},"featured_media":230,"comment_status":"open","ping_status":"closed","template":"","meta":{"_et_pb_use_builder":"","_et_pb_old_content":"","_et_gb_content_width":"","om_disable_all_campaigns":false,"_monsterinsights_skip_tracking":false,"_monsterinsights_sitenote_active":false,"_monsterinsights_sitenote_note":"","_monsterinsights_sitenote_category":0,"_uf_show_specific_survey":0,"_uf_disable_surveys":false,"_joinchat":[]},"product_cat":[49],"product_tag":[54,52,51,42,53,50],"class_list":{"0":"post-229","1":"product","2":"type-product","3":"status-publish","4":"has-post-thumbnail","6":"product_cat-sombreros-vaqueros","7":"product_tag-artesania-unica","8":"product_tag-decoraciones-unicas","9":"product_tag-estilo-canotier","10":"product_tag-iraca","11":"product_tag-personalizacion-de-diseno","12":"product_tag-sombrero-vaquero","14":"first","15":"instock","16":"shipping-taxable","17":"purchasable","18":"product-type-simple"},"aioseo_notices":[],"_links":{"self":[{"href":"https:\/\/www.canotier.com.co\/sitio\/wp-json\/wp\/v2\/product\/229"}],"collection":[{"href":"https:\/\/www.canotier.com.co\/sitio\/wp-json\/wp\/v2\/product"}],"about":[{"href":"https:\/\/www.canotier.com.co\/sitio\/wp-json\/wp\/v2\/types\/product"}],"replies":[{"embeddable":true,"href":"https:\/\/www.canotier.com.co\/sitio\/wp-json\/wp\/v2\/comments?post=229"}],"wp:featuredmedia":[{"embeddable":true,"href":"https:\/\/www.canotier.com.co\/sitio\/wp-json\/wp\/v2\/media\/230"}],"wp:attachment":[{"href":"https:\/\/www.canotier.com.co\/sitio\/wp-json\/wp\/v2\/media?parent=229"}],"wp:term":[{"taxonomy":"product_cat","embeddable":true,"href":"https:\/\/www.canotier.com.co\/sitio\/wp-json\/wp\/v2\/product_cat?post=229"},{"taxonomy":"product_tag","embeddable":true,"href":"https:\/\/www.canotier.com.co\/sitio\/wp-json\/wp\/v2\/product_tag?post=229"}],"curies":[{"name":"wp","href":"https:\/\/api.w.org\/{rel}","templated":true}]}}